{"id":9,"date":"2022-04-07T06:42:51","date_gmt":"2022-04-07T04:42:51","guid":{"rendered":"https:\/\/valdyvette.fr\/?page_id=9"},"modified":"2023-11-10T18:37:39","modified_gmt":"2023-11-10T17:37:39","slug":"val-dyvette-proprete","status":"publish","type":"page","link":"https:\/\/valdyvette.fr\/","title":{"rendered":"Val d&rsquo;Yvette Propret\u00e9"},"content":{"rendered":"\n<div class=\"wp-block-cover alignfull is-light\"><span aria-hidden=\"true\" class=\"wp-block-cover__background has-background-dim-30 has-background-dim\"><\/span><img loading=\"lazy\" decoding=\"async\" width=\"2500\" height=\"1081\" class=\"wp-block-cover__image-background wp-image-12\" alt=\"\" src=\"https:\/\/valdyvette.fr\/wp-content\/uploads\/2022\/04\/nettoyage-bureau-1-e1464960240362.jpg\" data-object-fit=\"cover\" srcset=\"https:\/\/valdyvette.fr\/wp-content\/uploads\/2022\/04\/nettoyage-bureau-1-e1464960240362.jpg 2500w, https:\/\/valdyvette.fr\/wp-content\/uploads\/2022\/04\/nettoyage-bureau-1-e1464960240362-300x130.jpg 300w, https:\/\/valdyvette.fr\/wp-content\/uploads\/2022\/04\/nettoyage-bureau-1-e1464960240362-1024x443.jpg 1024w, https:\/\/valdyvette.fr\/wp-content\/uploads\/2022\/04\/nettoyage-bureau-1-e1464960240362-768x332.jpg 768w, https:\/\/valdyvette.fr\/wp-content\/uploads\/2022\/04\/nettoyage-bureau-1-e1464960240362-1536x664.jpg 1536w, https:\/\/valdyvette.fr\/wp-content\/uploads\/2022\/04\/nettoyage-bureau-1-e1464960240362-2048x886.jpg 2048w\" sizes=\"(max-width: 2500px) 100vw, 2500px\" \/><div class=\"wp-block-cover__inner-container is-layout-flow wp-block-cover-is-layout-flow\">\n<p class=\"has-text-align-center has-white-color has-text-color\" style=\"font-size:50px\">La propret\u00e9, notre gage de qualit\u00e9<\/p>\n<\/div><\/div>\n\n\n\n<h2 class=\"wp-block-heading\" id=\"prestations\">Nos prestations<\/h2>\n\n\n\n<div class=\"wp-block-media-text alignfull has-media-on-the-right is-stacked-on-mobile is-vertically-aligned-center has-background\" style=\"background:linear-gradient(90deg,rgb(255,255,255) 0%,rgb(200,233,223) 50%,rgb(83,198,211) 100%);grid-template-columns:auto 27%\"><div class=\"wp-block-media-text__content\">\n<div class=\"wp-block-group is-layout-flow wp-block-group-is-layout-flow\" style=\"padding-top:2em;padding-right:2em;padding-bottom:2em;padding-left:2em\"><div class=\"wp-block-group__inner-container\">\n<h2 class=\"wp-block-heading has-black-color has-text-color has-large-font-size\" id=\"bureaux\"><strong>Nettoyage de bureaux<\/strong><\/h2>\n\n\n\n<p class=\"has-black-color has-text-color\" style=\"font-size:18px\">Travailler dans un environnement de bureau sain est primordial. Que ce soit pour vos salari\u00e9s ou pour toute personne ext\u00e9rieure visitant vos locaux, l&rsquo;image de marque que vous souhaitez projeter passe avant tout par un nettoyage de bureau ex\u00e9cut\u00e9 avec soin. <\/p>\n\n\n\n<p><\/p>\n\n\n\n<p class=\"has-black-color has-text-color\" style=\"font-size:18px\">Val d&rsquo;Yvette Propret\u00e9 vous accompagne au quotidien en mettant \u00e0 votre disposition des collaborateurs qualifi\u00e9s et discrets. L&rsquo;ensemble de nos agents est form\u00e9 \u00e0 une m\u00e9thodologie mise en place en interne pour une efficacit\u00e9 optimale.&nbsp;<\/p>\n<\/div><\/div>\n<\/div><figure class=\"wp-block-media-text__media\"><img decoding=\"async\" src=\"https:\/\/s.w.org\/patterns\/files\/2021\/06\/pear-1-1024x1024.png\" alt=\"\" class=\"wp-image-5263 size-full\"\/><\/figure><\/div>\n\n\n\n<div class=\"wp-block-media-text alignfull is-stacked-on-mobile is-vertically-aligned-center has-background\" style=\"background:linear-gradient(90deg,rgb(239,234,192) 0%,rgb(255,253,234) 50%,rgb(255,255,255) 100%);grid-template-columns:25% auto\"><figure class=\"wp-block-media-text__media\"><img loading=\"lazy\" decoding=\"async\" width=\"150\" height=\"150\" src=\"https:\/\/valdyvette.fr\/wp-content\/uploads\/2022\/04\/Photo-Hamid-boucherie-023-1-150x150.jpg\" alt=\"\" class=\"wp-image-18 size-thumbnail\"\/><\/figure><div class=\"wp-block-media-text__content\">\n<div class=\"wp-block-group is-layout-flow wp-block-group-is-layout-flow\" style=\"padding-top:2em;padding-right:2em;padding-bottom:2em;padding-left:2em\"><div class=\"wp-block-group__inner-container\">\n<p class=\"has-black-color has-text-color\" id=\"commerces\" style=\"font-size:36px;line-height:1.2\"><strong>Locaux commerciaux<\/strong><\/p>\n\n\n\n<p class=\"has-black-color has-text-color\" style=\"font-size:18px\">Quand vous mettez tout votre c\u0153ur dans un commerce, vous \u00eates en droit d&rsquo;exiger l&rsquo;excellence en mati\u00e8re de nettoyage de votre local commercial. <\/p>\n\n\n\n<p class=\"has-black-color has-text-color\" style=\"font-size:18px\">Que vos locaux soit d\u00e9di\u00e9s au commerce alimentaire, textile ou tout autre domaine, nous saurons adapter nos services \u00e0 votre activit\u00e9. Pour de plus amples renseignements, n&rsquo;h\u00e9sitez pas \u00e0 nous contacter via notre formulaire de contact.<\/p>\n\n\n\n<p><\/p>\n\n\n\n<p><\/p>\n<\/div><\/div>\n<\/div><\/div>\n\n\n\n<h2 class=\"wp-block-heading alignfull has-text-align-center\">Ils nous font confiance :<\/h2>\n","protected":false},"excerpt":{"rendered":"<p>Nos prestations Ils nous font confiance :<\/p>\n","protected":false},"author":1,"featured_media":0,"parent":0,"menu_order":0,"comment_status":"closed","ping_status":"closed","template":"template-frontpage.php","meta":{"footnotes":""},"_links":{"self":[{"href":"https:\/\/valdyvette.fr\/index.php\/wp-json\/wp\/v2\/pages\/9"}],"collection":[{"href":"https:\/\/valdyvette.fr\/index.php\/wp-json\/wp\/v2\/pages"}],"about":[{"href":"https:\/\/valdyvette.fr\/index.php\/wp-json\/wp\/v2\/types\/page"}],"author":[{"embeddable":true,"href":"https:\/\/valdyvette.fr\/index.php\/wp-json\/wp\/v2\/users\/1"}],"replies":[{"embeddable":true,"href":"https:\/\/valdyvette.fr\/index.php\/wp-json\/wp\/v2\/comments?post=9"}],"version-history":[{"count":9,"href":"https:\/\/valdyvette.fr\/index.php\/wp-json\/wp\/v2\/pages\/9\/revisions"}],"predecessor-version":[{"id":105,"href":"https:\/\/valdyvette.fr\/index.php\/wp-json\/wp\/v2\/pages\/9\/revisions\/105"}],"wp:attachment":[{"href":"https:\/\/valdyvette.fr\/index.php\/wp-json\/wp\/v2\/media?parent=9"}],"curies":[{"name":"wp","href":"https:\/\/api.w.org\/{rel}","templated":true}]}}